{"id":866,"date":"2022-02-07T13:21:05","date_gmt":"2022-02-07T13:21:05","guid":{"rendered":"https:\/\/boardinghouse-ebenhausen.de\/?page_id=866"},"modified":"2022-03-17T08:58:18","modified_gmt":"2022-03-17T08:58:18","slug":"impressum","status":"publish","type":"page","link":"https:\/\/boardinghouse-ebenhausen.de\/index.php\/impressum\/","title":{"rendered":"Impressum"},"content":{"rendered":"<div class=\"fusion-fullwidth fullwidth-box fusion-builder-row-1 fusion-flex-container nonhundred-percent-fullwidth non-hundred-percent-height-scrolling\" style=\"--awb-border-radius-top-left:0px;--awb-border-radius-top-right:0px;--awb-border-radius-bottom-right:0px;--awb-border-radius-bottom-left:0px;--awb-padding-right:15px;--awb-padding-left:15px;--awb-background-color:#ffffff;--awb-flex-wrap:wrap;\" ><div class=\"fusion-builder-row fusion-row fusion-flex-align-items-flex-start fusion-flex-content-wrap\" style=\"max-width:1216.8px;margin-left: calc(-4% \/ 2 );margin-right: calc(-4% \/ 2 );\"><div class=\"fusion-layout-column fusion_builder_column fusion-builder-column-0 fusion_builder_column_1_2 1_2 fusion-flex-column\" style=\"--awb-bg-size:cover;--awb-width-large:50%;--awb-margin-top-large:0px;--awb-spacing-right-large:3.84%;--awb-margin-bottom-large:0px;--awb-spacing-left-large:3.84%;--awb-width-medium:100%;--awb-order-medium:0;--awb-spacing-right-medium:1.92%;--awb-spacing-left-medium:1.92%;--awb-width-small:100%;--awb-order-small:0;--awb-spacing-right-small:1.92%;--awb-spacing-left-small:1.92%;\"><div class=\"fusion-column-wrapper fusion-column-has-shadow fusion-flex-justify-content-flex-start fusion-content-layout-column\"><\/div><\/div><div class=\"fusion-layout-column fusion_builder_column fusion-builder-column-1 fusion_builder_column_1_2 1_2 fusion-flex-column\" style=\"--awb-padding-right:15px;--awb-padding-left:15px;--awb-bg-color:#ffffff;--awb-bg-color-hover:#ffffff;--awb-bg-size:cover;--awb-width-large:50%;--awb-margin-top-large:0px;--awb-spacing-right-large:3.84%;--awb-margin-bottom-large:20px;--awb-spacing-left-large:3.84%;--awb-width-medium:100%;--awb-order-medium:0;--awb-spacing-right-medium:1.92%;--awb-spacing-left-medium:1.92%;--awb-width-small:100%;--awb-order-small:0;--awb-spacing-right-small:1.92%;--awb-spacing-left-small:1.92%;\"><div class=\"fusion-column-wrapper fusion-column-has-shadow fusion-flex-justify-content-flex-start fusion-content-layout-column\"><div class=\"fusion-text fusion-text-1\" style=\"--awb-text-transform:none;\"><h1>Impressum<\/h1>\n<h4>Angaben gem\u00e4\u00df \u00a7 5 TMG<\/h4>\n<p>Immobilien Verwaltung Ebenhausen GmbH<br \/>\n\u00c4u\u00dferer Ring 49<br \/>\n85107 Baar-Ebenhausen<\/p>\n<p>Vertretungsberechtigte Gesch\u00e4ftsf\u00fchrer:<br \/>\nHerr Hans-Dieter Biehl, Herr Michael Biehl, Herr Stephan Biehl<\/p>\n<p>Registergericht: Ingolstadt<br \/>\nRegisternummer: HRB 190546<\/p>\n<h4>Kontakt<\/h4>\n<p>Telefon: 08453\/3489-0<br \/>\nTelefax: 08453\/3489-25<br \/>\nE-Mail: service@biehl-gruppe.de<\/p>\n<p><span style=\"color: red;\">Achtung f\u00fcr Fragen rund um das Boardinghouse und Ihren Aufenthalt vor Ort<br \/>\nverwenden Sie bitte folgende Kontaktdaten:<br \/>\nTelefon: 0049 8453 333250<br \/>\nE-Mail: service@boardinghouse-ebenhausen.de<\/span><\/p>\n<h4>Umsatzsteuer-ID<\/h4>\n<p>Umsatzsteuer-Identifikationsnummer gem\u00e4\u00df \u00a7 27 a Umsatzsteuergesetz:<br \/>\nDE177552181<\/p>\n<p><strong>Gem\u00e4\u00df \u00a7 28 BDSG widersprechen wir jeder kommerziellen Verwendung und Weitergabe unserer Daten<\/strong><\/p>\n<p><strong>Verantwortungsbereich:<\/strong><\/p>\n<p>Das Impressum gilt nur f\u00fcr die Internetpr\u00e4senz unter der Adresse: www.boardinghouse-ebenhausen.de<br \/>\n<strong><br \/>\nAbgrenzung:<\/strong><\/p>\n<p>Die Web-Pr\u00e4senz ist Teil des WWW und dementsprechend mit fremden, sich jederzeit wandeln k\u00f6nnenden Web-Sites verkn\u00fcpft, die folglich auch nicht diesem Verantwortungsbereich unterliegen und f\u00fcr die nachfolgende Informationen nicht gelten. Dass die Links weder gegen Sitten noch Gesetze versto\u00dfen, wurde genau ein mal gepr\u00fcft: bevor sie hier aufgenommen wurden. Solche Links, die zu fremden Webprojekten f\u00fchren, erkennen Sie daran das sie in einem neuen Browser Fenster ge\u00f6ffnet werden, bzw. der link mit dem Vermerk \u201cextern\u201d gekennzeichnet ist<br \/>\n<strong><br \/>\nVerantwortliche Ansprechperson:<\/strong><\/p>\n<p>Michael Biehl, \u00c4u\u00dferer Ring 49, 85107 Baar-Ebenhausen<br \/>\nE-Mail:\u00a0service@biehl-gruppe.de<br \/>\nTel: 08453\/3489-0<br \/>\nFax: 08453\/3489-25<\/p>\n<h4>EU-Streitschlichtung<\/h4>\n<p>Die Europ\u00e4ische Kommission stellt eine Plattform zur Online-Streitbeilegung (OS) bereit: <a href=\"https:\/\/ec.europa.eu\/consumers\/odr\/\" target=\"_blank\" rel=\"noopener noreferrer\">https:\/\/ec.europa.eu\/consumers\/odr\/<\/a>.<br \/>\nUnsere E-Mail-Adresse finden Sie oben im Impressum.<\/p>\n<\/div><\/div><\/div><\/div><\/div>\n","protected":false},"excerpt":{"rendered":"","protected":false},"author":1,"featured_media":0,"parent":0,"menu_order":0,"comment_status":"closed","ping_status":"closed","template":"","meta":{"footnotes":""},"class_list":["post-866","page","type-page","status-publish","hentry"],"_links":{"self":[{"href":"https:\/\/boardinghouse-ebenhausen.de\/index.php\/wp-json\/wp\/v2\/pages\/866","targetHints":{"allow":["GET"]}}],"collection":[{"href":"https:\/\/boardinghouse-ebenhausen.de\/index.php\/wp-json\/wp\/v2\/pages"}],"about":[{"href":"https:\/\/boardinghouse-ebenhausen.de\/index.php\/wp-json\/wp\/v2\/types\/page"}],"author":[{"embeddable":true,"href":"https:\/\/boardinghouse-ebenhausen.de\/index.php\/wp-json\/wp\/v2\/users\/1"}],"replies":[{"embeddable":true,"href":"https:\/\/boardinghouse-ebenhausen.de\/index.php\/wp-json\/wp\/v2\/comments?post=866"}],"version-history":[{"count":13,"href":"https:\/\/boardinghouse-ebenhausen.de\/index.php\/wp-json\/wp\/v2\/pages\/866\/revisions"}],"predecessor-version":[{"id":1814,"href":"https:\/\/boardinghouse-ebenhausen.de\/index.php\/wp-json\/wp\/v2\/pages\/866\/revisions\/1814"}],"wp:attachment":[{"href":"https:\/\/boardinghouse-ebenhausen.de\/index.php\/wp-json\/wp\/v2\/media?parent=866"}],"curies":[{"name":"wp","href":"https:\/\/api.w.org\/{rel}","templated":true}]}}