{"id":863,"date":"2022-02-07T13:12:19","date_gmt":"2022-02-07T13:12:19","guid":{"rendered":"https:\/\/boardinghouse-ebenhausen.de\/?page_id=863"},"modified":"2022-02-09T17:44:16","modified_gmt":"2022-02-09T17:44:16","slug":"hausordnung","status":"publish","type":"page","link":"https:\/\/boardinghouse-ebenhausen.de\/index.php\/hausordnung\/","title":{"rendered":"Hausordnung"},"content":{"rendered":"<div class=\"fusion-fullwidth fullwidth-box fusion-builder-row-1 fusion-flex-container nonhundred-percent-fullwidth non-hundred-percent-height-scrolling\" style=\"--awb-border-radius-top-left:0px;--awb-border-radius-top-right:0px;--awb-border-radius-bottom-right:0px;--awb-border-radius-bottom-left:0px;--awb-padding-right:15px;--awb-padding-left:15px;--awb-background-color:#ffffff;--awb-flex-wrap:wrap;\" ><div class=\"fusion-builder-row fusion-row fusion-flex-align-items-flex-start fusion-flex-content-wrap\" style=\"max-width:1216.8px;margin-left: calc(-4% \/ 2 );margin-right: calc(-4% \/ 2 );\"><div class=\"fusion-layout-column fusion_builder_column fusion-builder-column-0 fusion_builder_column_1_1 1_1 fusion-flex-column\" style=\"--awb-bg-size:cover;--awb-width-large:100%;--awb-margin-top-large:0px;--awb-spacing-right-large:1.92%;--awb-margin-bottom-large:20px;--awb-spacing-left-large:1.92%;--awb-width-medium:100%;--awb-order-medium:0;--awb-spacing-right-medium:1.92%;--awb-spacing-left-medium:1.92%;--awb-width-small:100%;--awb-order-small:0;--awb-spacing-right-small:1.92%;--awb-spacing-left-small:1.92%;\"><div class=\"fusion-column-wrapper fusion-column-has-shadow fusion-flex-justify-content-flex-start fusion-content-layout-column\"><div class=\"fusion-text fusion-text-1\" style=\"--awb-text-transform:none;\"><h1>HAUSORDNUNG<\/h1>\n<div id=\"attachment_849\" style=\"width: 106px\" class=\"wp-caption alignright\"><a href=\"https:\/\/boardinghouse-ebenhausen.de\/wp-content\/uploads\/2022\/02\/Hausordnung.pdf\" target=\"_blank\" rel=\"noopener\"><img decoding=\"async\" aria-describedby=\"caption-attachment-849\" class=\"wp-image-849 size-full\" style=\"font-size: 16px;\" src=\"https:\/\/boardinghouse-ebenhausen.de\/wp-content\/uploads\/2022\/02\/pdf-icon.png\" alt=\"Hausordnung\" width=\"96\" height=\"96\" srcset=\"https:\/\/boardinghouse-ebenhausen.de\/wp-content\/uploads\/2022\/02\/pdf-icon-66x66.png 66w, https:\/\/boardinghouse-ebenhausen.de\/wp-content\/uploads\/2022\/02\/pdf-icon.png 96w\" sizes=\"(max-width: 96px) 100vw, 96px\" \/><\/a><p id=\"caption-attachment-849\" class=\"wp-caption-text\"><center>PDF herunterladen<\/center><\/p><\/div>\n<div id=\"attachment_4366\" class=\"wp-caption alignright\">\n<p id=\"caption-attachment-4366\" class=\"wp-caption-text\">\n<\/div>\n<p>Der Gast verpflichtet sich gem\u00e4\u00df der Hausordnung des Boardinghouses Ebenhausen zu verhalten. Ein Zuwiderhandeln kann zur K\u00fcndigung des Mietverh\u00e4ltnisses f\u00fchren.<\/p>\n<h4><strong>I. Allgemeines<\/strong><\/h4>\n<p>1. Es darf nichts von den Balkonen oder aus den Fenstern geworfen werden.<br \/>\n2. Auf den Balkonen und Terrassen ist keine W\u00e4sche auszulegen oder zu h\u00e4ngen.<br \/>\n3. Ver\u00e4nderungen in den R\u00e4umen oder an M\u00f6belst\u00fccken, wie Bohren von L\u00f6chern oder das Einschlagen von\u00a0 N\u00e4geln o.\u00e4. ist nicht gestattet.<\/p>\n<h4><strong>II. Sicherheit<\/strong><\/h4>\n<p>1. Die Brandschutzverordnung ist zu beachten.<br \/>\n2. Das Grillen auf den Balkonen und Terrassen ist nicht gestattet.<br \/>\n3. Die Fenster und Balkont\u00fcren sind bei Sturm, Regen oder Schneefall geschlossen zu halten.<br \/>\n4. Die T\u00fcren zu den Treppenh\u00e4usern sind verschlossen zu halten.<br \/>\n5. Au\u00dferhalb der Apartments d\u00fcrfen, ohne Erlaubnis, keine Gegenst\u00e4nde abgestellt werden.<br \/>\n6. In den Fluren, Treppenh\u00e4usern, etc. ist kein offenes Licht oder brennbares Material gestattet.<br \/>\n7. Bei Verlust eines Schl\u00fcssels ist dies umgehend dem Boardinghouse Ebenhausen mitzuteilen. Schl\u00fcssel und Austausch des Schlosses werden in Rechnung gestellt<br \/>\n8. Aus feuerpolizeilichen Gr\u00fcnden d\u00fcrfen keine zus\u00e4tzlichen Ger\u00e4te, wie z.B. Tauchsieder, Kochplatten, Heiz\u00f6fen, Klimaanlagen o.\u00e4. in den Apartments aufgestellt werden.<\/p>\n<h4><strong>III. Abfall<\/strong><\/h4>\n<p>1. Der Hausm\u00fcll ist in die bereitgestellten Abfallbeh\u00e4lter im Hof des Boardinghouse Ebenhausen zu entsorgen<br \/>\n2. Scharf- bzw. \u00fcbelriechende, leicht entz\u00fcndliche oder sonstige sch\u00e4dliche Stoffe sind der Haustechnik zu \u00fcbergeben, damit sie ordnungsgem\u00e4\u00df beseitigt werden k\u00f6nnen.<br \/>\n3. In Ausguss- oder Toilettenbecken d\u00fcrfen keine Abf\u00e4lle, keine sch\u00e4dlichen Fl\u00fcssigkeiten oder \u00e4hnliches geworfen bzw. gesch\u00fcttet werden.<br \/>\n4. Im \u00dcbernachtungspreis ist eine Endreinigung enthalten. Sofern das Apartment mit au\u00dfergew\u00f6hnlich viel M\u00fcll oder mit starker Verunreinigung hinterlassen wird, werden die zus\u00e4tzlichen Reinigungskosten in Rechnung gestellt<\/p>\n<h4><strong>IV. R\u00fccksichtnahme<\/strong><\/h4>\n<p>Um die Hausgemeinschaft und auch das Erscheinungsbild des Boardinghouse Ebenhausen nicht zu beeintr\u00e4chtigen, gilt f\u00fcr alle G\u00e4ste:<\/p>\n<p>1. Ruhest\u00f6render L\u00e4rm ist im gesamten Haus zu vermeiden. In den Treppenh\u00e4usern und Hausfluren haben T\u00fcrenschlagen, L\u00e4rm, laute Unterhaltungen und dergleichen zu unterbleiben.<br \/>\n2. Zwischen 13.00 Uhr und 15.00 Uhr und von 22.00 Uhr bis 8.00 Uhr ist Ruhezeit. Ruhest\u00f6rende Hausarbeiten bzw. T\u00e4tigkeiten sind w\u00e4hrend dieser Zeit zu vermeiden.<br \/>\n3. Das Rauchen ist ausschlie\u00dflich auf den Balkonen und Terrassen gestattet. Das Rauchen in den Apartments ist nicht gestattet. Kosten f\u00fcr zus\u00e4tzliche Aufwand\/Reinigung werden in Rechnung gestellt.<br \/>\n4. Grunds\u00e4tzlich sollten Rundfunk-, Musik- und Fernsehger\u00e4te nur auf Zimmerlautst\u00e4rke geschaltet sein.<br \/>\n5. Ein respektvoller Umgang gegen\u00fcber den Hausbewohnern ist selbstverst\u00e4ndlich. Auch Familienangeh\u00f6rige und Besucher haben sich dem Anspruch des Boardinghouse Ebenhausen und der Hausordnung entsprechend zu verhalten.<\/p>\n<h4><strong>V. Haltung von Haustieren<\/strong><\/h4>\n<p>1. Das Halten von Haustieren ist nicht erlaubt.<\/p>\n<\/div><\/div><\/div><\/div><\/div>\n","protected":false},"excerpt":{"rendered":"","protected":false},"author":1,"featured_media":0,"parent":0,"menu_order":0,"comment_status":"closed","ping_status":"closed","template":"","meta":{"footnotes":""},"class_list":["post-863","page","type-page","status-publish","hentry"],"_links":{"self":[{"href":"https:\/\/boardinghouse-ebenhausen.de\/index.php\/wp-json\/wp\/v2\/pages\/863","targetHints":{"allow":["GET"]}}],"collection":[{"href":"https:\/\/boardinghouse-ebenhausen.de\/index.php\/wp-json\/wp\/v2\/pages"}],"about":[{"href":"https:\/\/boardinghouse-ebenhausen.de\/index.php\/wp-json\/wp\/v2\/types\/page"}],"author":[{"embeddable":true,"href":"https:\/\/boardinghouse-ebenhausen.de\/index.php\/wp-json\/wp\/v2\/users\/1"}],"replies":[{"embeddable":true,"href":"https:\/\/boardinghouse-ebenhausen.de\/index.php\/wp-json\/wp\/v2\/comments?post=863"}],"version-history":[{"count":3,"href":"https:\/\/boardinghouse-ebenhausen.de\/index.php\/wp-json\/wp\/v2\/pages\/863\/revisions"}],"predecessor-version":[{"id":952,"href":"https:\/\/boardinghouse-ebenhausen.de\/index.php\/wp-json\/wp\/v2\/pages\/863\/revisions\/952"}],"wp:attachment":[{"href":"https:\/\/boardinghouse-ebenhausen.de\/index.php\/wp-json\/wp\/v2\/media?parent=863"}],"curies":[{"name":"wp","href":"https:\/\/api.w.org\/{rel}","templated":true}]}}